{"id":8457,"date":"2016-02-19T11:04:39","date_gmt":"2016-02-19T11:04:39","guid":{"rendered":"https:\/\/climasol.info\/aire-fresc-per-a-esdeveniments-i-carpes\/"},"modified":"2026-05-11T18:40:17","modified_gmt":"2026-05-11T18:40:17","slug":"aire-fresc-per-a-esdeveniments-i-carpes","status":"publish","type":"page","link":"https:\/\/climasol.info\/ca\/aire-fresc-per-a-esdeveniments-i-carpes\/","title":{"rendered":"Aire fresc per a esdeveniments i carpes"},"content":{"rendered":"<p>Amb el sistema climatitzador evaporatiu <a href=\"http:\/\/www.climasol.info\/productes\/aire_intro.asp\">Breezair<\/a> convertir\u00e0s la calor en <strong>aire fresc<\/strong>.<br \/>\nAquest sistema \u00e9s el m\u00e8tode m\u00e9s efica\u00e7 i econ\u00f2mic del mercat per garantir el confort dels teus convidats.<br \/>\nPodr\u00e0s fer servir aquest sistema en tot tipus d\u2019<strong>esdeveniments<\/strong> i tamb\u00e9 a <strong>carpes<\/strong>.<br \/>\nEl sistema Breezair refreda l\u2019aire que entra de l\u2019exterior convertint-lo en un <strong>aire fresc<\/strong> i expulsa l\u2019aire calent de l\u2019interior sense afegir cap olor nociva.<\/p>\n<p>Coneix els nostres productes:<\/p>\n<h2><a href=\"https:\/\/climasol.info\/ca\/climatitzacio\/\">Climatitzaci\u00f3 per a esdeveniments i carpes<\/a><\/h2>\n<h2><a href=\"https:\/\/climasol.info\/ca\/climatitzacio-dexteriors-i-terrasses\/\">Climatitzaci\u00f3 d\u2019exteriors i terrasses<\/a><\/h2>\n<h2><a href=\"https:\/\/climasol.info\/ca\/mist-and-fog\/\">Climatitzaci\u00f3 Mist and Fog<\/a><\/h2>\n<h2><a href=\"\/#productos\">Productes d\u2019aire fresc<\/a><\/h2>\n<p><strong>Sector Hostaleria<\/strong><\/p>\n<ul>\n<li><a href=\"https:\/\/climasol.info\/ca\/hosteleria\/lloguer-destufes-per-a-esdeveniments-i-particulars\/\">Lloguer d\u2019estufes per a esdeveniments i particulars<\/a><\/li>\n<li><a href=\"https:\/\/climasol.info\/ca\/hosteleria\/lloguer-destufes-per-a-la-temporada-dhivern\/\">Lloguer d\u2019estufes per a la temporada d\u2019hivern<\/a><\/li>\n<li><a href=\"https:\/\/climasol.info\/?page_id=387\">Lloguer de cubs i esferes lluminoses<\/a><\/li>\n<li><a href=\"https:\/\/climasol.info\/ca\/hosteleria\/lloguer-i-venda-de-ventiladors-de-mist-fog\/\">Lloguer i venda de ventiladors de Mist &#038; Fog<\/a><\/li>\n<li><a href=\"https:\/\/climasol.info\/ca\/hosteleria\/lloguer-de-ventiladors-de-recirculacio-daire\/\">Lloguer de ventiladors de recirculaci\u00f3 d\u2019aire<\/a><\/li>\n<li><a href=\"https:\/\/climasol.info\/ca\/hosteleria\/lloguer-evaporatius\/\">Lloguer d\u2019evaporatius<\/a><\/li>\n<\/ul>\n<p><strong>Sector Industrial<\/strong><\/p>\n<ul>\n<li><a href=\"\/industrial\/alquiler-y-venta-de-estufas-de-gas\/\">Lloguer i venda d\u2019estufes de gas<\/a><\/li>\n<li><a href=\"\/industrial\/alquiler-y-venta-de-estufas-infrarrojas\/\">Lloguer i venda d\u2019estufes d\u2019infraroigs<\/a><\/li>\n<\/ul>\n","protected":false},"excerpt":{"rendered":"<p>Amb el sistema climatitzador evaporatiu Breezair convertir\u00e0s la calor en aire fresc. Aquest sistema \u00e9s el m\u00e8tode m\u00e9s efica\u00e7 i econ\u00f2mic del mercat per garantir el confort dels teus convidats. Podr\u00e0s fer servir aquest sistema en tot tipus d\u2019esdeveniments i tamb\u00e9 a carpes. El sistema Breezair refreda l\u2019aire que entra de l\u2019exterior convertint-lo en un [&hellip;]<\/p>\n","protected":false},"author":1,"featured_media":0,"parent":0,"menu_order":0,"comment_status":"closed","ping_status":"open","template":"","meta":{"_acf_changed":false,"_et_pb_use_builder":"","_et_pb_old_content":"","_et_gb_content_width":"","footnotes":""},"class_list":["post-8457","page","type-page","status-publish","hentry"],"acf":[],"_links":{"self":[{"href":"https:\/\/climasol.info\/ca\/wp-json\/wp\/v2\/pages\/8457","targetHints":{"allow":["GET"]}}],"collection":[{"href":"https:\/\/climasol.info\/ca\/wp-json\/wp\/v2\/pages"}],"about":[{"href":"https:\/\/climasol.info\/ca\/wp-json\/wp\/v2\/types\/page"}],"author":[{"embeddable":true,"href":"https:\/\/climasol.info\/ca\/wp-json\/wp\/v2\/users\/1"}],"replies":[{"embeddable":true,"href":"https:\/\/climasol.info\/ca\/wp-json\/wp\/v2\/comments?post=8457"}],"version-history":[{"count":1,"href":"https:\/\/climasol.info\/ca\/wp-json\/wp\/v2\/pages\/8457\/revisions"}],"predecessor-version":[{"id":8865,"href":"https:\/\/climasol.info\/ca\/wp-json\/wp\/v2\/pages\/8457\/revisions\/8865"}],"wp:attachment":[{"href":"https:\/\/climasol.info\/ca\/wp-json\/wp\/v2\/media?parent=8457"}],"curies":[{"name":"wp","href":"https:\/\/api.w.org\/{rel}","templated":true}]}}