{"id":8544,"date":"2019-05-31T14:14:59","date_gmt":"2019-05-31T14:14:59","guid":{"rendered":"https:\/\/climasol.info\/lloguer-i-venda-de-ventiladors-de-mist-fog\/"},"modified":"2026-04-27T09:59:33","modified_gmt":"2026-04-27T09:59:33","slug":"lloguer-i-venda-de-ventiladors-de-mist-fog","status":"publish","type":"page","link":"https:\/\/climasol.info\/ca\/hosteleria\/lloguer-i-venda-de-ventiladors-de-mist-fog\/","title":{"rendered":"Lloguer i venda de ventiladors de Mist &amp; Fog"},"content":{"rendered":"<p>[et_pb_section fb_built=&#8221;1&#8243; _builder_version=&#8221;4.16&#8243; global_colors_info=&#8221;{}&#8221;][et_pb_row _builder_version=&#8221;4.16&#8243; background_size=&#8221;initial&#8221; background_position=&#8221;top_left&#8221; background_repeat=&#8221;repeat&#8221; global_colors_info=&#8221;{}&#8221;][et_pb_column type=&#8221;4_4&#8243; _builder_version=&#8221;4.16&#8243; custom_padding=&#8221;|||&#8221; global_colors_info=&#8221;{}&#8221; custom_padding__hover=&#8221;|||&#8221;][et_pb_text _builder_version=&#8221;4.16&#8243; global_colors_info=&#8221;{}&#8221;]<\/p>\n<h3>Lloguer i venda de ventiladors de Mist &amp; Fog<\/h3>\n<\/p>\n<p>Us oferim la gamma de productes Mist &amp; Fog per a aplicacions a l\u2019aire lliure. Los productos Mist&amp;Fog cubren las necesidades desde el cliente particular hasta los proyectos de mayor envergadura manteniendo siempre los m\u00e1s altos est\u00e1ndares de calidad y servicio.<\/p>\n<p>HOSTALERIA<br \/>Creeu un fresc microclima d&#8217;una manera senzilla i natural. Amb la polvoritzaci\u00f3 d&#8217;aigua a l&#8217;ambient millorar\u00e0 el confort de terrasses i jardins suavitzant l&#8217;efecte de les altes temperatures i permetent als clients gaudir d&#8217;una atmosfera fresca i saludable. <br \/><strong>Solucions a<\/strong>: Hotels, Restaurants, Pubs i Discoteques.<\/p>\n<p><strong>RESIDENCIAL<\/strong><br \/>Gaudiu de la terrassa o jard\u00ed amb la frescor m\u00e9s agradable.<br \/>Piscines i jardins eclusius amb m\u00e0gics i relaxants efectes de boira.<br \/><strong>Eviteu que la calor us impedeixi gaudir de les seves terrasses i entorns oberts<\/strong>.<\/p>\n<p><strong>PAISATGISME<\/strong><br \/>Aconsegueixi incre\u00efbles efectes de boira natural:<br \/>La boira decorativa aporta moviment i vida als paisatges creant un entorn fresc, agradable i molt relaxant.<br \/>A m\u00e9s del m\u00e0gic efecte, permet aportar dinamisme a les cascades i jocs d&#8217;aigua aix\u00ed com imitar efectes de vapor o fum; <strong>un ventall de possibilitats per a la seva imaginaci\u00f3<\/strong>.<\/p>\n<p><strong>ZONES P\u00daBLIQUES<\/strong><br \/>Frescor i confort a zones p\u00fabliques i comercials gaudint de l&#8217;aire lliure.<br \/>El p\u00fablic agrair\u00e0 la frescor aportada en els moments d&#8217;oci.<br \/><strong>Solucions a: Parcs Tem\u00e0tics, Centres Comercials, Parcs p\u00fablics.<\/strong><\/p>\n<p><strong>INSTAL\u00b7LACIONS ESPORTIVES<\/strong><br \/>Milloreu les vostres instal\u00b7lacions esportives permetent la pr\u00e0ctica esportiva fins i tot en les hores de m\u00e9s calor.<br \/>Les microgotes d&#8217;aigua no nom\u00e9s redueixen la temperatura de l&#8217;aire sin\u00f3 que a m\u00e9s a m\u00e9s incrementen la seva humitat relativa facilitant la respiraci\u00f3 i la capacitat f\u00edsica.<br \/><strong>Solucions a: Camps d&#8217;Entrenament, pistes de Paddle, Golf i Volley platja.<\/strong><\/p>\n<ul>\n<li>refresca sense mullar<\/li>\n<li>\u00e9s natural i saludable<\/li>\n<li>incrementa el confort<\/li>\n<li>ahuyenta los mosquitos<\/li>\n<\/ul>\n<p>[\/et_pb_text][\/et_pb_column][\/et_pb_row][\/et_pb_section][et_pb_section fb_built=&#8221;1&#8243; _builder_version=&#8221;4.16&#8243; global_colors_info=&#8221;{}&#8221;][et_pb_row _builder_version=&#8221;4.16&#8243; global_colors_info=&#8221;{}&#8221;][et_pb_column type=&#8221;4_4&#8243; _builder_version=&#8221;4.16&#8243; custom_padding=&#8221;|||&#8221; global_colors_info=&#8221;{}&#8221; custom_padding__hover=&#8221;|||&#8221;][et_pb_gallery gallery_ids=&#8221;8535,8536,8537,8538,8539,8540,8541,8542,8543&#8243; posts_number=&#8221;10&#8243; show_title_and_caption=&#8221;off&#8221; show_pagination=&#8221;off&#8221; _builder_version=&#8221;4.16&#8243; global_colors_info=&#8221;{}&#8221;][\/et_pb_gallery][\/et_pb_column][\/et_pb_row][\/et_pb_section][et_pb_section fb_built=&#8221;1&#8243; _builder_version=&#8221;4.16&#8243; global_colors_info=&#8221;{}&#8221;][et_pb_row _builder_version=&#8221;4.16&#8243; background_size=&#8221;initial&#8221; background_position=&#8221;top_left&#8221; background_repeat=&#8221;repeat&#8221; global_colors_info=&#8221;{}&#8221;][et_pb_column type=&#8221;4_4&#8243; _builder_version=&#8221;4.16&#8243; custom_padding=&#8221;|||&#8221; global_colors_info=&#8221;{}&#8221; custom_padding__hover=&#8221;|||&#8221;][et_pb_text admin_label=&#8221;urls&#8221; _builder_version=&#8221;4.16&#8243; global_colors_info=&#8221;{}&#8221;]<\/p>\n<p><strong>Sector Hostaleria<\/strong><\/p>\n<ul>\n<li><a href=\"https:\/\/climasol.info\/ca\/hosteleria\/lloguer-destufes-per-a-esdeveniments-i-particulars\/\">Lloguer d\u2019estufes per a esdeveniments i particulars<\/a><\/li>\n<li><a href=\"https:\/\/climasol.info\/ca\/hosteleria\/lloguer-destufes-per-a-la-temporada-dhivern\/\">Lloguer d\u2019estufes per a la temporada d\u2019hivern<\/a><\/li>\n<li><a href=\"https:\/\/climasol.info\/ca\/hosteleria\/lloguer-i-venda-de-ventiladors-de-mist-fog\/\">Lloguer i venda de ventiladors de Mist &amp; Fog<\/a><\/li>\n<li><a href=\"https:\/\/climasol.info\/ca\/hosteleria\/lloguer-de-ventiladors-de-recirculacio-daire\/\">Lloguer de ventiladors de recirculaci\u00f3 d\u2019aire<\/a><\/li>\n<li><a href=\"https:\/\/climasol.info\/ca\/hosteleria\/lloguer-evaporatius\/\">Lloguer d\u2019evaporatius<\/a><\/li>\n<\/ul>\n<p><strong>Sector Industrial<\/strong><\/p>\n<ul>\n<li><a href=\"\/industrial\/alquiler-y-venta-de-estufas-de-gas\/\">Lloguer i venda d\u2019estufes de gas<\/a><\/li>\n<li><a href=\"\/industrial\/alquiler-y-venta-de-estufas-infrarrojas\/\">Lloguer i venda d\u2019estufes d\u2019infraroigs<\/a><\/li>\n<\/ul>\n<p>[\/et_pb_text][\/et_pb_column][\/et_pb_row][\/et_pb_section]<\/p>\n","protected":false},"excerpt":{"rendered":"<p>Lloguer i venda de ventiladors de Mist &amp; Fog Us oferim la gamma de productes Mist &amp; Fog per a aplicacions a l\u2019aire lliure. Los productos Mist&amp;Fog cubren las necesidades desde el cliente particular hasta los proyectos de mayor envergadura manteniendo siempre los m\u00e1s altos est\u00e1ndares de calidad y servicio.HOSTALERIACreeu un fresc microclima d&#8217;una manera [&hellip;]<\/p>\n","protected":false},"author":1,"featured_media":0,"parent":8631,"menu_order":0,"comment_status":"closed","ping_status":"closed","template":"","meta":{"_acf_changed":false,"_et_pb_use_builder":"on","_et_pb_old_content":"","_et_gb_content_width":"","footnotes":""},"class_list":["post-8544","page","type-page","status-publish","hentry"],"acf":[],"_links":{"self":[{"href":"https:\/\/climasol.info\/ca\/wp-json\/wp\/v2\/pages\/8544","targetHints":{"allow":["GET"]}}],"collection":[{"href":"https:\/\/climasol.info\/ca\/wp-json\/wp\/v2\/pages"}],"about":[{"href":"https:\/\/climasol.info\/ca\/wp-json\/wp\/v2\/types\/page"}],"author":[{"embeddable":true,"href":"https:\/\/climasol.info\/ca\/wp-json\/wp\/v2\/users\/1"}],"replies":[{"embeddable":true,"href":"https:\/\/climasol.info\/ca\/wp-json\/wp\/v2\/comments?post=8544"}],"version-history":[{"count":14,"href":"https:\/\/climasol.info\/ca\/wp-json\/wp\/v2\/pages\/8544\/revisions"}],"predecessor-version":[{"id":8601,"href":"https:\/\/climasol.info\/ca\/wp-json\/wp\/v2\/pages\/8544\/revisions\/8601"}],"up":[{"embeddable":true,"href":"https:\/\/climasol.info\/ca\/wp-json\/wp\/v2\/pages\/8631"}],"wp:attachment":[{"href":"https:\/\/climasol.info\/ca\/wp-json\/wp\/v2\/media?parent=8544"}],"curies":[{"name":"wp","href":"https:\/\/api.w.org\/{rel}","templated":true}]}}