{"id":8560,"date":"2019-05-31T14:21:50","date_gmt":"2019-05-31T14:21:50","guid":{"rendered":"https:\/\/climasol.info\/lloguer-i-venda-destufes-dinfraroigs\/"},"modified":"2026-04-27T09:59:36","modified_gmt":"2026-04-27T09:59:36","slug":"lloguer-i-venda-destufes-dinfraroigs","status":"publish","type":"page","link":"https:\/\/climasol.info\/ca\/hosteleria\/lloguer-i-venda-destufes-dinfraroigs\/","title":{"rendered":"Lloguer i venda d\u2019estufes d\u2019infraroigs"},"content":{"rendered":"<p>[et_pb_section fb_built=&#8221;1&#8243; _builder_version=&#8221;3.22.3&#8243;][et_pb_row _builder_version=&#8221;3.22.3&#8243; background_size=&#8221;initial&#8221; background_position=&#8221;top_left&#8221; background_repeat=&#8221;repeat&#8221;][et_pb_column type=&#8221;4_4&#8243; _builder_version=&#8221;3.0.47&#8243;][\/et_pb_column][\/et_pb_row][\/et_pb_section][et_pb_section fb_built=&#8221;1&#8243; _builder_version=&#8221;3.23.3&#8243;][et_pb_row _builder_version=&#8221;3.23.3&#8243;][et_pb_column type=&#8221;1_2&#8243; _builder_version=&#8221;3.23.3&#8243;][et_pb_image src=&#8221;http:\/\/climasol.info\/app\/uploads\/2019\/12\/Imagen1.png&#8221; _builder_version=&#8221;3.23.3&#8243;][\/et_pb_image][\/et_pb_column][et_pb_column type=&#8221;1_2&#8243; _builder_version=&#8221;3.23.3&#8243;][et_pb_text _builder_version=&#8221;3.19.3&#8243;]<\/p>\n<h3>Lloguer i venda d\u2019estufes d\u2019infraroigs<\/h3>\n<p><strong>Els sistemes tradicionals de calefacci\u00f3 generen aire calent que es desaprofita a l&#8217;espai.<\/strong><\/p>\n<p>Climasol presenta la seva \u00e0mplia gamma d&#8217;<strong>estufes HEH\/HP<\/strong> amb qu\u00e8 vost\u00e8 podr\u00e0 dirigir els raigs de calor quan i cap a on vulgui per <strong>escalfar zones determinades<\/strong>.<\/p>\n<p>Amb tan sols un clic, i immediatament, <strong>fa calor sense desaprofitar energia<\/strong>.<\/p>\n<p><strong>Descripci\u00f3<\/strong><br \/>El cor de la calefacci\u00f3 HEHHP \u00e9s una bombeta infraroja amb un filament dissenyat especialment per escalfar que es troba instal\u00b7lat en un tub de quars. Aquest filament produeix la calor de raigs infrarojos. Al cap de pocs segons d&#8217;encendre el llum, aquest ja produeix la m\u00e0xima calor (no necessita preescalfament).  <\/p>\n<p>El llan\u00e7ament al mercat d&#8217;aquest llum \u00e9s una de les innovacions m\u00e9s importants dels darrers anys i ha creat un nou i gran aven\u00e7 al sector de la calefacci\u00f3.<\/p>\n<p>Per maximitzar-ne el rendiment s&#8217;ha dissenyat un doble reflector. Aquest reflector \u00e9s un gran aven\u00e7 tecnol\u00f2gic i ajuda a millorar el rendiment i la precisi\u00f3 dels raigs irradiants. <\/p>\n<p><strong>Caracter\u00edstiques<\/strong><\/p>\n<ul>\n<li>Calor immediata, nom\u00e9s quan cal.<\/li>\n<li>Naus Industrials<\/li>\n<li>\u00c0rea d&#8217;irradiaci\u00f3: de 12 a 55 m2.<\/li>\n<li>La calor de la HEHHP \u00e9s molt agradable: calor natural (com l&#8217;efecte del sol).<\/li>\n<li>Possibilitat d\u00b4ajustar la direcci\u00f3 de la calor com si fos una llum.<\/li>\n<li>Molt barat: transforma el 92% de lenergia en calor.<\/li>\n<li>Utilitza m\u00e9s poder t\u00e8rmic que un llum de densitat neutral.<\/li>\n<li>Alta capacitat d&#8217;irradiaci\u00f3 que permet posicionar el reflector a llocs elevats.<\/li>\n<li>Calor immediata: en un segon, m\u00e0xima calor a la zona desitjada.<\/li>\n<li>No produeix olors, ni fums, ni residus de combusti\u00f3 i no hi ha absorci\u00f3 de l&#8217;oxigen.<\/li>\n<li>Possibilitat de regular la intensitat de la calor amb els potenci\u00f2metres.<\/li>\n<\/ul>\n<p><strong>Avantatges<\/strong><\/p>\n<ul>\n<li>La gran precisi\u00f3 dels raigs infrarojos permeten col\u00b7locar la HEHHP a llocs elevats sense perdre el seu efecte calefactor (font de calor directa a la persona).<\/li>\n<li>Amb una r\u00edgida estructura que no permet la deformaci\u00f3 del reflector.<\/li>\n<li>La possibilitat de col\u00b7locar-lo com un llum permet la m\u00e9s efectiva capacitat de calefacci\u00f3.<\/li>\n<li>L\u00e0mpada (Philips), d&#8217;alta qualitat amb protecci\u00f3 qu\u00edmic que no fa malb\u00e9 la visi\u00f3.<\/li>\n<li>El reflector parab\u00f2lic tecnol\u00f2gicament \u00e9s el m\u00e9s avan\u00e7at, eficient i elegant del mercat.<\/li>\n<\/ul>\n<p><strong>Diseny<\/strong><\/p>\n<ul>\n<li>El primer radiador que treu profit d&#8217;un reflector amb doble corba conc\u00e8ntrica.<\/li>\n<li>Un disseny nou, senzill i efectiu, que assegura una llarga vida del llum<br \/>(de 7.000 a 10.000 hores). El llum funciona a ple rendiment fins a segons abans que es pari. <\/li>\n<li>Est\u00e8ticament agradable per a llocs on la imatge \u00e9s molt important. Les l\u00e0mpades HEHHP es poden col\u00b7locar a la part alta de les parets sense perjudicar el disseny de l&#8217;espai. <\/li>\n<\/ul>\n<p><strong>Precaucions<\/strong><\/p>\n<ul>\n<li>No toqueu el llum amb els dits.<\/li>\n<li>Encendre i apagar les infraroges per fases, mai amb l&#8217;interruptor general de l&#8217;empresa.<\/li>\n<li>Netejar amb un drap humitejat amb alcohol.<\/li>\n<li>Mantenir la dist\u00e0ncia de seguretat.<\/li>\n<\/ul>\n<p><strong>Comparativa<\/strong><br \/><a href=\"http:\/\/www.climasol.info\/media\/2015\/04\/Captura_de_2015-05-15_10_50_10.jpg\"><img loading=\"lazy\" decoding=\"async\" class=\"alignnone size-medium wp-image-317\" src=\"http:\/\/www.climasol.info\/media\/2015\/04\/Captura_de_2015-05-15_10_50_10-300x150.jpg\" alt=\"Captura_de_2015-05-15_10_50_10\" width=\"300\" height=\"150\"><\/a><\/p>\n<p>[\/et_pb_text][\/et_pb_column][\/et_pb_row][\/et_pb_section][et_pb_section fb_built=&#8221;1&#8243; _builder_version=&#8221;3.22.3&#8243;][et_pb_row _builder_version=&#8221;3.22.3&#8243; background_size=&#8221;initial&#8221; background_position=&#8221;top_left&#8221; background_repeat=&#8221;repeat&#8221;][et_pb_column type=&#8221;4_4&#8243; _builder_version=&#8221;3.0.47&#8243;][et_pb_text admin_label=&#8221;urls&#8221; _builder_version=&#8221;3.23.3&#8243;]<\/p>\n<p>\n<strong>Sector Hostaleria<\/strong><\/p>\n<ul>\n<li><a href=\"https:\/\/climasol.info\/ca\/hosteleria\/lloguer-destufes-per-a-esdeveniments-i-particulars\/\">Lloguer d\u2019estufes per a esdeveniments i particulars<\/a><\/li>\n<li><a href=\"https:\/\/climasol.info\/ca\/hosteleria\/lloguer-destufes-per-a-la-temporada-dhivern\/\">Lloguer d\u2019estufes per a la temporada d\u2019hivern<br \/><\/a><\/li>\n<li><a href=\"https:\/\/climasol.info\/?page_id=387\">Lloguer de cubs i esferes lluminoses<\/a><\/li>\n<li><a href=\"https:\/\/climasol.info\/ca\/hosteleria\/lloguer-i-venda-de-ventiladors-de-mist-fog\/\">Lloguer i venda de ventiladors de Mist &amp; Fog<\/a><\/li>\n<li><a href=\"https:\/\/climasol.info\/ca\/hosteleria\/lloguer-de-ventiladors-de-recirculacio-daire\/\">Lloguer de ventiladors de recirculaci\u00f3 d\u2019aire<\/a><\/li>\n<li><a href=\"https:\/\/climasol.info\/ca\/hosteleria\/lloguer-evaporatius\/\">Lloguer d\u2019evaporatius<\/a><\/li>\n<\/ul>\n<p><strong>Sector Industrial<\/strong><\/p>\n<ul>\n<li><a href=\"\/industrial\/alquiler-y-venta-de-estufas-de-gas\/\">Lloguer i venda d\u2019estufes de gas<\/a><\/li>\n<li><a href=\"\/industrial\/alquiler-y-venta-de-estufas-infrarrojas\/\">Lloguer i venda d\u2019estufes d\u2019infraroigs<\/a><\/li>\n<\/ul>\n<p>[\/et_pb_text][\/et_pb_column][\/et_pb_row][\/et_pb_section]<\/p>\n","protected":false},"excerpt":{"rendered":"<p>Lloguer i venda d\u2019estufes d\u2019infraroigsEls sistemes tradicionals de calefacci\u00f3 generen aire calent que es desaprofita a l&#8217;espai.Climasol presenta la seva \u00e0mplia gamma d&#8217;estufes HEH\/HP amb qu\u00e8 vost\u00e8 podr\u00e0 dirigir els raigs de calor quan i cap a on vulgui per escalfar zones determinades.Amb tan sols un clic, i immediatament, fa calor sense desaprofitar energia.Descripci\u00f3El cor [&hellip;]<\/p>\n","protected":false},"author":1,"featured_media":0,"parent":8631,"menu_order":0,"comment_status":"closed","ping_status":"closed","template":"","meta":{"_acf_changed":false,"_et_pb_use_builder":"on","_et_pb_old_content":"","_et_gb_content_width":"","footnotes":""},"class_list":["post-8560","page","type-page","status-publish","hentry"],"acf":[],"_links":{"self":[{"href":"https:\/\/climasol.info\/ca\/wp-json\/wp\/v2\/pages\/8560","targetHints":{"allow":["GET"]}}],"collection":[{"href":"https:\/\/climasol.info\/ca\/wp-json\/wp\/v2\/pages"}],"about":[{"href":"https:\/\/climasol.info\/ca\/wp-json\/wp\/v2\/types\/page"}],"author":[{"embeddable":true,"href":"https:\/\/climasol.info\/ca\/wp-json\/wp\/v2\/users\/1"}],"replies":[{"embeddable":true,"href":"https:\/\/climasol.info\/ca\/wp-json\/wp\/v2\/comments?post=8560"}],"version-history":[{"count":4,"href":"https:\/\/climasol.info\/ca\/wp-json\/wp\/v2\/pages\/8560\/revisions"}],"predecessor-version":[{"id":8592,"href":"https:\/\/climasol.info\/ca\/wp-json\/wp\/v2\/pages\/8560\/revisions\/8592"}],"up":[{"embeddable":true,"href":"https:\/\/climasol.info\/ca\/wp-json\/wp\/v2\/pages\/8631"}],"wp:attachment":[{"href":"https:\/\/climasol.info\/ca\/wp-json\/wp\/v2\/media?parent=8560"}],"curies":[{"name":"wp","href":"https:\/\/api.w.org\/{rel}","templated":true}]}}