{"id":8618,"date":"2021-05-20T14:27:48","date_gmt":"2021-05-20T14:27:48","guid":{"rendered":"https:\/\/climasol.info\/amplia-gamma-de-parasols\/"},"modified":"2026-04-27T09:57:45","modified_gmt":"2026-04-27T09:57:45","slug":"amplia-gamma-de-parasols","status":"publish","type":"page","link":"https:\/\/climasol.info\/ca\/amplia-gamma-de-parasols\/","title":{"rendered":"\u00c0MPLIA GAMMA DE PARASOLS"},"content":{"rendered":"<p>[et_pb_section fb_built=&#8221;1&#8243; _builder_version=&#8221;3.23.3&#8243; locked=&#8221;off&#8221;][et_pb_row _builder_version=&#8221;3.23.3&#8243;][et_pb_column type=&#8221;4_4&#8243; _builder_version=&#8221;3.0.47&#8243;][et_pb_text _builder_version=&#8221;3.23.3&#8243; width=&#8221;80%&#8221;]<\/p>\n<h1>\u00c0MPLIA GAMMA DE PARASOLS<\/h1>\n<p>[\/et_pb_text][et_pb_text _builder_version=&#8221;3.23.3&#8243; text_font=&#8221;||||||||&#8221; width=&#8221;80%&#8221;]<\/p>\n<p>(Terrasses de bars \/ restaurants)<\/p>\n<p>[\/et_pb_text][\/et_pb_column][\/et_pb_row][et_pb_row _builder_version=&#8221;3.23.3&#8243;][et_pb_column type=&#8221;1_2&#8243; _builder_version=&#8221;3.0.47&#8243;][et_pb_text _builder_version=&#8221;3.23.3&#8243; custom_padding=&#8221;|0px||||&#8221;]<\/p>\n<p>Protegim i a\u00efllem els seus clients cobrint l&#8217;espai de la terrassa del seu establiment (bar\/restaurant)<\/p>\n<p>El nostre objectiu \u00e9s trobar la soluci\u00f3 m\u00e9s adequada per cobrir l&#8217;espai de la terrassa.<\/p>\n<p>La qualitat dels materials utilitzats, en fusta o alumini, i un cur\u00f3s proc\u00e9s de fabricaci\u00f3 ens permeten oferir un producte de qualitat i amb les millors prestacions.<\/p>\n<p>[\/et_pb_text][et_pb_text _builder_version=&#8221;3.23.3&#8243; z_index_tablet=&#8221;500&#8243; text_text_shadow_horizontal_length_tablet=&#8221;0px&#8221; text_text_shadow_vertical_length_tablet=&#8221;0px&#8221; text_text_shadow_blur_strength_tablet=&#8221;1px&#8221; link_text_shadow_horizontal_length_tablet=&#8221;0px&#8221; link_text_shadow_vertical_length_tablet=&#8221;0px&#8221; link_text_shadow_blur_strength_tablet=&#8221;1px&#8221; ul_text_shadow_horizontal_length_tablet=&#8221;0px&#8221; ul_text_shadow_vertical_length_tablet=&#8221;0px&#8221; ul_text_shadow_blur_strength_tablet=&#8221;1px&#8221; ol_text_shadow_horizontal_length_tablet=&#8221;0px&#8221; ol_text_shadow_vertical_length_tablet=&#8221;0px&#8221; ol_text_shadow_blur_strength_tablet=&#8221;1px&#8221; quote_text_shadow_horizontal_length_tablet=&#8221;0px&#8221; quote_text_shadow_vertical_length_tablet=&#8221;0px&#8221; quote_text_shadow_blur_strength_tablet=&#8221;1px&#8221; header_text_shadow_horizontal_length_tablet=&#8221;0px&#8221; header_text_shadow_vertical_length_tablet=&#8221;0px&#8221; header_text_shadow_blur_strength_tablet=&#8221;1px&#8221; header_2_text_shadow_horizontal_length_tablet=&#8221;0px&#8221; header_2_text_shadow_vertical_length_tablet=&#8221;0px&#8221; header_2_text_shadow_blur_strength_tablet=&#8221;1px&#8221; header_3_text_shadow_horizontal_length_tablet=&#8221;0px&#8221; header_3_text_shadow_vertical_length_tablet=&#8221;0px&#8221; header_3_text_shadow_blur_strength_tablet=&#8221;1px&#8221; header_4_text_shadow_horizontal_length_tablet=&#8221;0px&#8221; header_4_text_shadow_vertical_length_tablet=&#8221;0px&#8221; header_4_text_shadow_blur_strength_tablet=&#8221;1px&#8221; header_5_text_shadow_horizontal_length_tablet=&#8221;0px&#8221; header_5_text_shadow_vertical_length_tablet=&#8221;0px&#8221; header_5_text_shadow_blur_strength_tablet=&#8221;1px&#8221; header_6_text_shadow_horizontal_length_tablet=&#8221;0px&#8221; header_6_text_shadow_vertical_length_tablet=&#8221;0px&#8221; header_6_text_shadow_blur_strength_tablet=&#8221;1px&#8221; box_shadow_horizontal_tablet=&#8221;0px&#8221; box_shadow_vertical_tablet=&#8221;0px&#8221; box_shadow_blur_tablet=&#8221;40px&#8221; box_shadow_spread_tablet=&#8221;0px&#8221;]<\/p>\n<div class=\"button-group-climasol\"><a class=\"btn-group-item\" href=\"https:\/\/climasol.info\/ca\/sollicitar-pressupost\/\">Demana pressupost<\/a><br \/><a class=\"btn-group-item\" href=\"https:\/\/climasol.info\/app\/uploads\/2022\/10\/CLIMASOL_A4_Tancaments_21_def.pdf\" target=\"_blank\" rel=\"noopener\">Desc\u00e0rrega cat\u00e0leg<\/a><\/div>\n<p>[\/et_pb_text][et_pb_text _builder_version=&#8221;3.23.3&#8243;]<\/p>\n<h2>Ideal per a l&#8217;hostaleria<\/h2>\n<p>[\/et_pb_text][\/et_pb_column][et_pb_column type=&#8221;1_2&#8243; _builder_version=&#8221;3.0.47&#8243;][et_pb_image src=&#8221;https:\/\/climasol.info\/app\/uploads\/2021\/05\/CLIMASOL_Flyer1.jpg&#8221; force_fullwidth=&#8221;on&#8221; _builder_version=&#8221;3.23.3&#8243;][\/et_pb_image][\/et_pb_column][\/et_pb_row][et_pb_row _builder_version=&#8221;3.23.3&#8243;][et_pb_column type=&#8221;1_2&#8243; _builder_version=&#8221;3.0.47&#8243;][et_pb_image src=&#8221;https:\/\/climasol.info\/app\/uploads\/2021\/05\/CLIMASOL_3.jpg&#8221; _builder_version=&#8221;3.23.3&#8243;][\/et_pb_image][\/et_pb_column][et_pb_column type=&#8221;1_2&#8243; _builder_version=&#8221;3.0.47&#8243;][et_pb_text _builder_version=&#8221;3.23.3&#8243;]<\/p>\n<h4>Tancaments laterals<\/h4>\n<p>[\/et_pb_text][et_pb_text _builder_version=&#8221;3.23.3&#8243;]<\/p>\n<ul>\n<li>Teixit a joc amb el para-sol<\/li>\n<li>Finestra en PVC llisa o amb quarterons<\/li>\n<li>Se subministra muntat en guies d&#8217;alumini<\/li>\n<li>Amb tot incl\u00f2s per a la instal\u00b7laci\u00f3<\/li>\n<\/ul>\n<p>[\/et_pb_text][et_pb_text _builder_version=&#8221;3.23.3&#8243; custom_margin=&#8221;-13px|||||&#8221;]<\/p>\n<p>Possibilitat de col\u00b7locar: estufes, llum i cortines laterals<\/p>\n<p>[\/et_pb_text][et_pb_image src=&#8221;https:\/\/climasol.info\/app\/uploads\/2021\/05\/CLIMASOL_1.png&#8221; _builder_version=&#8221;3.23.3&#8243; height=&#8221;327px&#8221;][\/et_pb_image][\/et_pb_column][\/et_pb_row][et_pb_row _builder_version=&#8221;3.23.3&#8243;][et_pb_column type=&#8221;1_2&#8243; _builder_version=&#8221;3.0.47&#8243;][et_pb_text _builder_version=&#8221;3.23.3&#8243;]<\/p>\n<h3>NO DUBTIS A CONSULTAR-NOS!<\/h3>\n<p>[\/et_pb_text][et_pb_text _builder_version=&#8221;3.23.3&#8243;]<\/p>\n<p>Assessorament \/ visita sense comprom\u00eds!<\/p>\n<p>(Per a tot tipus de negoci)<\/p>\n<p>[\/et_pb_text][et_pb_button button_url=&#8221;&lt;!&#8211;&#91;CDATA&#91;tel:934627618&#93;&#93;&#8211;&gt;&#8221; url_new_window=&#8221;on&#8221; button_text=&#8221;Tel\u00e8fon: 93 462 76 18 &#8221; _builder_version=&#8221;3.23.3&#8243; custom_button=&#8221;on&#8221; button_border_width=&#8221;0px&#8221; button_border_radius=&#8221;0px&#8221; button_font=&#8221;||||||||&#8221; custom_padding=&#8221;|||0px||&#8221; custom_margin=&#8221;||8px|||&#8221;][\/et_pb_button][et_pb_button button_url=&#8221;mailto:parasoles@climasol.info&#8221; url_new_window=&#8221;on&#8221; button_text=&#8221;parasoles@climasol.info&#8221; _builder_version=&#8221;3.23.3&#8243; custom_button=&#8221;on&#8221; button_border_width=&#8221;0px&#8221; button_border_radius=&#8221;0px&#8221; button_font=&#8221;||||||||&#8221; custom_padding=&#8221;|||0px||&#8221;][\/et_pb_button][\/et_pb_column][et_pb_column type=&#8221;1_2&#8243; _builder_version=&#8221;3.0.47&#8243;][et_pb_image src=&#8221;https:\/\/climasol.info\/app\/uploads\/2021\/05\/CLIMASOL_Flyer2.jpg&#8221; force_fullwidth=&#8221;on&#8221; _builder_version=&#8221;3.23.3&#8243;][\/et_pb_image][\/et_pb_column][\/et_pb_row][\/et_pb_section]<\/p>\n","protected":false},"excerpt":{"rendered":"<p>\u00c0MPLIA GAMMA DE PARASOLS (Terrasses de bars \/ restaurants) Protegim i a\u00efllem els seus clients cobrint l&#8217;espai de la terrassa del seu establiment (bar\/restaurant) El nostre objectiu \u00e9s trobar la soluci\u00f3 m\u00e9s adequada per cobrir l&#8217;espai de la terrassa. La qualitat dels materials utilitzats, en fusta o alumini, i un cur\u00f3s proc\u00e9s de fabricaci\u00f3 ens [&hellip;]<\/p>\n","protected":false},"author":1,"featured_media":0,"parent":0,"menu_order":0,"comment_status":"closed","ping_status":"closed","template":"","meta":{"_acf_changed":false,"_et_pb_use_builder":"on","_et_pb_old_content":"","_et_gb_content_width":"","footnotes":""},"class_list":["post-8618","page","type-page","status-publish","hentry"],"acf":[],"_links":{"self":[{"href":"https:\/\/climasol.info\/ca\/wp-json\/wp\/v2\/pages\/8618","targetHints":{"allow":["GET"]}}],"collection":[{"href":"https:\/\/climasol.info\/ca\/wp-json\/wp\/v2\/pages"}],"about":[{"href":"https:\/\/climasol.info\/ca\/wp-json\/wp\/v2\/types\/page"}],"author":[{"embeddable":true,"href":"https:\/\/climasol.info\/ca\/wp-json\/wp\/v2\/users\/1"}],"replies":[{"embeddable":true,"href":"https:\/\/climasol.info\/ca\/wp-json\/wp\/v2\/comments?post=8618"}],"version-history":[{"count":2,"href":"https:\/\/climasol.info\/ca\/wp-json\/wp\/v2\/pages\/8618\/revisions"}],"predecessor-version":[{"id":8626,"href":"https:\/\/climasol.info\/ca\/wp-json\/wp\/v2\/pages\/8618\/revisions\/8626"}],"wp:attachment":[{"href":"https:\/\/climasol.info\/ca\/wp-json\/wp\/v2\/media?parent=8618"}],"curies":[{"name":"wp","href":"https:\/\/api.w.org\/{rel}","templated":true}]}}