{"id":8642,"date":"2019-05-30T13:49:18","date_gmt":"2019-05-30T13:49:18","guid":{"rendered":"https:\/\/climasol.info\/lloguer-estufes-infraroges-per-a-naus-industrials\/"},"modified":"2019-05-30T13:49:18","modified_gmt":"2019-05-30T13:49:18","slug":"lloguer-estufes-infraroges-per-a-naus-industrials","status":"publish","type":"page","link":"https:\/\/climasol.info\/ca\/lloguer-estufes-infraroges-per-a-naus-industrials\/","title":{"rendered":"Lloguer estufes infraroges per a naus industrials"},"content":{"rendered":"<p>Les nostres <strong>estufes infraroges<\/strong> s\u00f3n ideals per a:<br \/>\n\u2013 Ind\u00fastries<br \/>\u2013 <strong>Naus industrials<\/strong><br \/>\u2013 F\u00e0briques<br \/>\u2013 Tallers<br \/>\u2013 Magatzems<br \/>\u2013 Garatges\u2026<\/p>\n<p> Climasol presenta la seva \u00e0mplia gamma d&#8217;<strong>estufes infraroges<\/strong> HEH\/HP: vost\u00e8 podr\u00e0 dirigir els raigs de calor quan i cap a on vulgui per escalfar zones determinades.<br \/>Amb nom\u00e9s un clic, i immediatament d\u00f3na calor sense desaprofitar energia.<\/p>\n<p> Caracter\u00edstiques de les nostres <strong>estufes infraroges<\/strong>:<br \/>\u2013 Calor immediata, nom\u00e9s quan cal.<br \/>\u2013 \u00c0rea d&#8217;irradiaci\u00f3: de 12 a 55 m2.<br \/>\u2013 La calor de la HEHHP \u00e9s molt agradable: calor natural (com l&#8217;efecte del sol).<br \/>\u2013 Possibilitat d&#8217;ajustar la direcci\u00f3 de la calor com si fos una llum.<br \/>&#8211; Molt barat: transforma el 92% de lenergia en calor.<\/p>\n<p> Per fabricar la HEHHP s&#8217;ha utilitzat la tecnologia m\u00e9s avan\u00e7ada donant extraordinaris resultats:<br \/>\u2013 La gran precisi\u00f3 dels <strong>raigs infrarojos<\/strong> permeten col\u00b7locar la HEHHP en llocs elevats sense perdre el seu efecte calefactor (font de calor directa a la persona).<br \/>\u2013 Amb una r\u00edgida estructura que no permet la deformaci\u00f3 del reflector.<br \/>\u2013 La possibilitat de col\u00b7locar-lo com un llum permet la m\u00e9s efectiva capacitat de calefacci\u00f3.<br \/>\u2013 L\u00e0mpada (Philips), d&#8217;alta qualitat amb protecci\u00f3 qu\u00edmic que no fa malb\u00e9 la visi\u00f3.<br \/>\u2013 El reflector parab\u00f2lic tecnol\u00f2gicament \u00e9s el m\u00e9s avan\u00e7at, eficient i elegant del mercat.<\/p>\n<p> Vegeu els nostres <a href=\"#\">dissenys<\/a> per a <strong>estufes infraroges<\/strong>.<\/p>\n<p> Conegui m\u00e9s productes per a naus industrials:<br \/> \n                            <\/p>\n<h2><a href=\"https:\/\/climasol.info\/ca\/lloguer-destufes-per-a-exterior\/\">Lloguer d\u2019estufes d\u2019exterior<\/a><br \/><\/h2>\n<h2><a href=\"https:\/\/climasol.info\/alquiler-calefaccion-naves-industriales\/\">Lloguer de calefacci\u00f3 per a naus industrials<\/a><br \/><\/h2>\n<h2><a href=\"https:\/\/climasol.info\/ca\/lloguer-destufes-halogenes-per-a-naus-industrials\/\">Estufes halogenes per a naus industrials<\/a><br \/><\/h2>\n<\/p>\n<p><strong>Sector Hostaleria<\/strong><\/p>\n<ul>\n<li><a href=\"https:\/\/climasol.info\/ca\/hosteleria\/lloguer-destufes-per-a-esdeveniments-i-particulars\/\">Lloguer d\u2019estufes per a esdeveniments i particulars<\/a><\/li>\n<li><a href=\"\/hosteleria\/alquiler-estufas-para-temporada-de-invierno\/\">Lloguer d\u2019estufes per a la temporada d\u2019hivern<\/a><\/li>\n<li><a href=\"https:\/\/climasol.info\/?page_id=387\">Lloguer de cubs i esferes lluminoses<\/a><\/li>\n<li><a href=\"https:\/\/climasol.info\/ca\/hosteleria\/lloguer-i-venda-de-ventiladors-de-mist-fog\/\">Lloguer i venda de ventiladors de Mist &amp; Fog<\/a><\/li>\n<li><a href=\"https:\/\/climasol.info\/ca\/hosteleria\/lloguer-de-ventiladors-de-recirculacio-daire\/\">Lloguer de ventiladors de recirculaci\u00f3 d\u2019aire<\/a><\/li>\n<li><a href=\"https:\/\/climasol.info\/ca\/hosteleria\/lloguer-evaporatius\/\">Lloguer d\u2019evaporatius<\/a><\/li>\n<\/ul>\n<p><strong>Sector Industrial<\/strong><\/p>\n<ul>\n<li><a href=\"\/industrial\/alquiler-y-venta-de-estufas-de-gas\/\">Lloguer i venda d\u2019estufes de gas<\/a><\/li>\n<li><a href=\"\/industrial\/alquiler-y-venta-de-estufas-infrarrojas\/\">Lloguer i venda d\u2019estufes d\u2019infraroigs<\/a><\/li>\n<\/ul>\n","protected":false},"excerpt":{"rendered":"<p>Les nostres estufes infraroges s\u00f3n ideals per a: \u2013 Ind\u00fastries\u2013 Naus industrials\u2013 F\u00e0briques\u2013 Tallers\u2013 Magatzems\u2013 Garatges\u2026 Climasol presenta la seva \u00e0mplia gamma d&#8217;estufes infraroges HEH\/HP: vost\u00e8 podr\u00e0 dirigir els raigs de calor quan i cap a on vulgui per escalfar zones determinades.Amb nom\u00e9s un clic, i immediatament d\u00f3na calor sense desaprofitar energia. Caracter\u00edstiques de les [&hellip;]<\/p>\n","protected":false},"author":1,"featured_media":0,"parent":0,"menu_order":0,"comment_status":"closed","ping_status":"closed","template":"","meta":{"_acf_changed":false,"_et_pb_use_builder":"","_et_pb_old_content":"","_et_gb_content_width":"","footnotes":""},"class_list":["post-8642","page","type-page","status-publish","hentry"],"acf":[],"_links":{"self":[{"href":"https:\/\/climasol.info\/ca\/wp-json\/wp\/v2\/pages\/8642","targetHints":{"allow":["GET"]}}],"collection":[{"href":"https:\/\/climasol.info\/ca\/wp-json\/wp\/v2\/pages"}],"about":[{"href":"https:\/\/climasol.info\/ca\/wp-json\/wp\/v2\/types\/page"}],"author":[{"embeddable":true,"href":"https:\/\/climasol.info\/ca\/wp-json\/wp\/v2\/users\/1"}],"replies":[{"embeddable":true,"href":"https:\/\/climasol.info\/ca\/wp-json\/wp\/v2\/comments?post=8642"}],"version-history":[{"count":0,"href":"https:\/\/climasol.info\/ca\/wp-json\/wp\/v2\/pages\/8642\/revisions"}],"wp:attachment":[{"href":"https:\/\/climasol.info\/ca\/wp-json\/wp\/v2\/media?parent=8642"}],"curies":[{"name":"wp","href":"https:\/\/api.w.org\/{rel}","templated":true}]}}