{"id":8812,"date":"2026-05-11T17:52:22","date_gmt":"2026-05-11T17:52:22","guid":{"rendered":"https:\/\/climasol.info\/politica-de-privacitat\/"},"modified":"2026-05-11T17:52:22","modified_gmt":"2026-05-11T17:52:22","slug":"politica-de-privacitat","status":"publish","type":"page","link":"https:\/\/climasol.info\/ca\/politica-de-privacitat\/","title":{"rendered":"Pol\u00edtica de Privacitat"},"content":{"rendered":"<p><strong>INTRODUCCI\u00d3<\/strong><\/p>\n<p>La seva privadesa \u00e9s important per a nosaltres, aix\u00ed que, mitjan\u00e7ant aquest document, us expliquem quines dades recollim dels usuaris, com les utilitzem i per a qu\u00e8, entre altres indicacions.<\/p>\n<p>Per a la vostra informaci\u00f3, mai demanarem m\u00e9s informaci\u00f3 de la que realment necessitarem per als serveis requerits; mai no la compartirem amb tercers, excepte per obligaci\u00f3 legal o amb la seva autoritzaci\u00f3 pr\u00e8via; i mai no utilitzarem les seves dades per a una altra finalitat no indicada pr\u00e8viament.<\/p>\n<p>Com a Usuari, haur\u00e0 de llegir atentament aquesta Pol\u00edtica de Privadesa de manera regular i sempre que introdueixi les seves dades personals, ja que aquesta pot veure&#8217;s modificada. El prestador t\u00e9 facultat per fer canvis en la informaci\u00f3 continguda a la web amb l&#8217;objectiu de complir amb la normativa o actualitzar aquesta Pol\u00edtica. El prestador no t\u00e9 obligaci\u00f3 de preavisar els Usuaris sobre els canvis realitzats, sent suficient la seva publicaci\u00f3 al lloc web.  <\/p>\n<p><strong>RESPONSABLE DEL TRACTAMENT:<\/strong><\/p>\n<p>Denominaci\u00f3 Social: SUMINISTROS PARA LA HOSTELERI\u0301A, SL<\/p>\n<p>Domicili Social:<strong> Carrer Pereda, 71, 08930 Sant Adria\u0300 de Beso\u0301s (Barcelona)<\/strong><\/p>\n<p>NIF: B62599600<\/p>\n<p>D&#8217;ara endavant, <b>CLIMASOL<\/b> o el prestador<\/p>\n<p>Correu electr\u00f2nico: <strong>climasol@climasol.info<\/strong><\/p>\n<p><b>CLIMASOL <\/b>, com a responsable del lloc web de conformitat amb el que disposa el Reglament (UE) 2016\/679 de 27 d&#8217;abril de 2016 (RGPD) relatiu a la protecci\u00f3 de les persones f\u00edsiques pel que fa al tractament de dades personals ia la lliure circulaci\u00f3 d&#8217;aquestes dades i la resta de normativa vigent en mat\u00e8ria de protecci\u00f3 de dades personals, i amb la Llei 34 la Informaci\u00f3 i del Comer\u00e7 Electr\u00f2nic (LSSICE), us informa que t\u00e9 implementades les mesures de seguretat necess\u00e0ries, d&#8217;\u00edndole t\u00e8cnica i organitzatives, per garantir i protegir la confidencialitat, integritat i disponibilitat de les dades introdu\u00efdes.<\/p>\n<p><strong>M\u00c8TODES D&#8217;OBTENCI\u00d3 DE LES DADES, QUINES DADES RECABEM i LA SEVA FINALITAT:<\/strong><\/p>\n<p>Les dades que recollim, la manera com les obtenim i la finalitat del tractament \u00e9s la seg\u00fcent:<\/p>\n<ol class=\"wp-block-list\">\n<li><strong>Formulari de contacte i\/o requeriment d&#8217;informaci\u00f3:<\/strong>\n<ul class=\"wp-block-list\">\n<li>Dades requerides: nom, email, tel\u00e8fon, empresa;<\/li>\n<li>Finalitat: per respondre les consultes i\/o proporcionar informacions requerides per l&#8217;Usuari;<\/li>\n<li>Legitimaci\u00f3: consentiment de l&#8217; Usuari.<\/li>\n<\/ul>\n<\/li>\n<li><strong>Formulari de subscripci\u00f3 a la newsletter<\/strong>:<\/li>\n<\/ol>\n<ol class=\"wp-block-list\">\n<li>Dades requerides: mail;<\/li>\n<li>Finalitat: enviar a l&#8217;Usuari informaci\u00f3 comercial del seu inter\u00e8s sobre els nostres productes i\/o serveis a trav\u00e9s del mail, SMS, comunitats socials o qualsevol altre mitj\u00e0 electr\u00f2nic o f\u00edsic, en cas que l&#8217;Usuari ho hagi consentit expressament;<\/li>\n<li>Legitimaci\u00f3: consentiment de l&#8217; Usuari.<\/li>\n<li><strong>Dur a terme la relaci\u00f3 contractual i les gestions administratives, fiscals i comptables <\/strong>an\u00e0logues i que siguin necess\u00e0ries virtut de la legislaci\u00f3 vigent<\/li>\n<\/ol>\n<ol class=\"wp-block-list\">\n<li>Dades requerides: nom i cognoms, tel\u00e8fon, adre\u00e7a, DNI, email, signatura;<\/li>\n<li>Finalitat: dur a terme la gesti\u00f3 comercial fiscal i administrativa interna;<\/li>\n<li>Legitimaci\u00f3: consentiment de l&#8217; interessat i relaci\u00f3 contractual.<\/li>\n<\/ol>\n<p>Pot revocar en qualsevol moment el seu consentiment remetent un escrit amb l&#8217;assumpte &#8220;Baixa&#8221; en el mail ressenyat.<\/p>\n<p>D&#8217;acord amb la LSSICE, <b>CLIMASOL <\/b>no realitza pr\u00e0ctiques de SPAM, per tant, no envia comunicacions comercials per correu electr\u00f2nic que no hagin estat pr\u00e8viament sol\u00b7licitats o autoritzats per l&#8217;Usuari. En conseq\u00fc\u00e8ncia, en totes les comunicacions que rebr\u00e0 del prestador, l&#8217;Usuari t\u00e9 la possibilitat de revocar el seu consentiment expr\u00e9s per rebre les nostres comunicacions. <\/p>\n<p>No tractarem les seves dades personals per a cap altre fi dels descrits, excepte per obligaci\u00f3 legal o requeriment judicial.<\/p>\n<p>Les seves dades personals no es tractaran per a la presa de decisions automatitzada.<\/p>\n<p><strong>TERMINI DE CONSERVACI\u00d3 DE LES DADES:<\/strong><\/p>\n<p>Les seves dades es conservaran mentre duri la finalitat per a la qual van ser recollides, per obligaci\u00f3 legal o requeriment judicial, i mentre no retiri el seu consentiment o fins que exerceixi el seu dret de supressi\u00f3 o oposici\u00f3, o limitaci\u00f3 al tractament. Tanmateix, conservarem les seves dades en els terminis legalment previstos en les disposicions aplicables. <\/p>\n<p><strong>DESTINATARIS DE CESSIONS O TRANSFER\u00c8NCIES:<\/strong><\/p>\n<p><b>CLIMASOL <\/b>\u00fanicament facilitar\u00e0 informaci\u00f3 a les forces i cossos de seguretat sota ordre judicial o per obligaci\u00f3 d&#8217;una norma legal, sense perjudici de poder bloquejar o cancel\u00b7lar el seu compte si hi pot haver indicis de la comissi\u00f3 d&#8217;algun delicte per part de l&#8217;Usuari. La informaci\u00f3 facilitada ser\u00e0 nom\u00e9s la que disposi en aquell moment el prestador. <\/p>\n<p>La informaci\u00f3 que ens proporcioni a trav\u00e9s d&#8217;aquest lloc web ser\u00e0 allotjada en els servidors de <b>CLIMASOL<\/b>, contractats a l&#8217;empresa que presta el servei d&#8217;allotjament del web. El tractament de les dades de l&#8217; entitat es troba regulat mitjan\u00e7ant un contracte d&#8217; encarregat del tractament entre el prestador i aquesta empresa. <\/p>\n<p>Aix\u00ed mateix, el prestador utilitza determinades eines per prestar serveis necessaris per al desenvolupament de l&#8217; activitat, podent emmagatzemar les seves dades. Aquestes eines s\u00f3n les seg\u00fcents: <\/p>\n<p><strong>Google Analytics<\/strong>: per realitzar una an\u00e0lisi i m\u00e8trica de l&#8217;\u00fas que els usuaris fan de la web a trav\u00e9s de les cookies. La informaci\u00f3 que generen i recopilen aquestes cookies sobre l&#8217;\u00fas (incloent-hi l&#8217;adre\u00e7a IP) ser\u00e0 directament transmesa i arxivada per Google, Inc., ubicada a Delaware, 1600 Amphitheatre Parkway, muntar\u00e9 View (Calif\u00f2rnia), CA 94043 d&#8217;Estats Units (&#8220;Google&#8221;), en els seus servidors dels Estats Units. Google, Inc. est\u00e0 adherida al Marc de Privacitat UE \u2013 EUA, aprovat per la Comissi\u00f3 Europea.<\/p>\n<p><strong>Xat en viu<\/strong>: s&#8217; utilitza per al servei de xat en viu Text Inc., empresa ubicada als EUA i adherida al Data Privacy Framework aprovat per la Comissi\u00f3 Europea.<\/p>\n<p><strong>DRETS DE LES PERSONES INTERESSADES:<\/strong><\/p>\n<p>Com a Usuari-Interessat, pot sol\u00b7licitar l&#8217;exercici dels seg\u00fcents drets davant <b>CLIMASOL <\/b>presentant un escrit a l&#8217;adre\u00e7a postal de l&#8217;encap\u00e7alament o enviant un correu electr\u00f2nic a climasol@climasol.info, indicant com a assumpte: &#8220;PROTECCI\u00d3 DE DADES: DRETS DELS AFECTATS&#8221;.<\/p>\n<p>Drets:<\/p>\n<ul class=\"wp-block-list\">\n<li><strong>Dret d&#8217; acc\u00e9s:<\/strong> permet a l&#8217; interessat con\u00e8ixer i obtenir informaci\u00f3 sobre les seves dades de car\u00e0cter personal sotmeses a tractament.<\/li>\n<li><strong>Dret de rectificaci\u00f3<\/strong>: permet corregir errors i modificar les dades que resultin ser inexactes o incompletes<\/li>\n<li><strong>Dret de supressi\u00f3<\/strong>: permet que se suprimeixin les dades que siguin inadequades o excessives<\/li>\n<li><strong>Dret d&#8217; oposici\u00f3<\/strong>: dret de l&#8217; interessat que no es dugui a terme el tractament de les seves dades de car\u00e0cter personal o se cessi el mateix.<\/li>\n<li><strong>Limitaci\u00f3 del tractament<\/strong>: comporta el marcatge de les dades personals conservades, per tal de limitar el seu futur tractament, per a l&#8217; exercici o la defensa de reclamacions.<\/li>\n<li><strong>Portabilitat de les dades<\/strong>: facilitaci\u00f3 de les dades objecte de tractament a l&#8217; interessat, perqu\u00e8 aquest pugui transmetre&#8217; ls a un altre responsable, sense impediments.<\/li>\n<li><strong>Dret a no ser objecte de decisions individuals automatitzades (inclosa l&#8217;elaboraci\u00f3 de perfils)<\/strong>: dret a no ser objecte d&#8217;una decisi\u00f3 basada en el tractament automatitzat que produeixi efectes o afecti significativament.<\/li>\n<\/ul>\n<p>Com a Usuari, t\u00e9 dret a retirar el consentiment donat en qualsevol moment. La retirada del consentiment no afectar\u00e0 la licitud del tractament efectuat abans. <\/p>\n<p>Tamb\u00e9 t\u00e9 dret a presentar una reclamaci\u00f3 davant l&#8217;autoritat de control si considera que poden haver-se vist vulnerats els seus drets en relaci\u00f3 amb la protecci\u00f3 de les seves dades (aepd.es).<\/p>\n<p><strong>INFORMACI\u00d3 ADDICIONAL<\/strong><\/p>\n<p><strong>MESURES DE SEGURETAT:<\/strong><\/p>\n<p>Les dades que ens faciliti es tractaran de forma confidencial. El prestador ha adoptat totes les mesures t\u00e8cniques i organitzatives i tots els nivells de protecci\u00f3 necessaris per garantir la seguretat en el tractament de les dades i evitar la seva alteraci\u00f3, p\u00e8rdua, robatori, tractament o acc\u00e9s no autoritzat, d&#8217; acord amb l&#8217; estat de la tecnologia i naturalesa de les dades emmagatzemades. Aix\u00ed mateix, es garanteix tamb\u00e9 que el tractament i registre en fitxers, programes, sistemes o equips, locals i centres, compleixen amb els requisits i condicions d&#8217; integritat i seguretat establertes en la normativa vigent.  <\/p>\n<p><strong>IDIOMA<\/strong><\/p>\n<p>L&#8217;idioma aplicable a aquesta pol\u00edtica de privacitat \u00e9s el castell\u00e0. Per tant, en cas que hi hagu\u00e9s alguna contradicci\u00f3 en alguna de les versions facilitades en altres idiomes, prevaldr\u00e0 la versi\u00f3 en castell\u00e0. <\/p>\n<p><strong>XARXES SOCIALS<\/strong><\/p>\n<p>L&#8217;informem que <b>CLIMASOL <\/b>pot tenir pres\u00e8ncia en xarxes socials. El tractament de les dades que es dugui a terme de les persones que es facin seguidores a les xarxes socials (i\/o realitzin qualsevol vincle o acci\u00f3 de connexi\u00f3 a trav\u00e9s de les xarxes socials) de les p\u00e0gines oficials de <b>CLIMASOL <\/b>es regir\u00e0 per aquest apartat, aix\u00ed com per a aquelles condicions d&#8217;\u00fas, pol\u00edtiques de privacitat i normatives d&#8217;acc\u00e9s que pertanyin a la xarxa social que procedeixi en cada cas i acceptades pr\u00e8viament per l&#8217; usuari. <\/p>\n<p><b>CLIMASOL <\/b>tractar\u00e0 les seves dades amb les finalitats d&#8217; administrar correctament la seva pres\u00e8ncia a la xarxa social, informant d&#8217; activitats, productes o serveis del prestador, aix\u00ed com per a qualsevol altra finalitat que les normatives de les Xarxes Socials permetin.<\/p>\n<p>Queda prohibida la publicaci\u00f3 de continguts:<\/p>\n<ul class=\"wp-block-list\">\n<li>Que siguin presumptament il\u00b7l\u00edcits per la normativa nacional, comunit\u00e0ria o internacional o que realitzin activitats presumptament il\u00b7l\u00edcites o contravinguin els principis de la bona fe.<\/li>\n<li>Que atemptin contra els drets fonamentals de les persones, faltin a la cortesia a la xarxa, molestin o puguin generar opinions negatives en els nostres usuaris o tercers i en general siguin quins siguin els continguts que CLIMASOL consideri inapropiats.<\/li>\n<li>I en general que contravinguin els principis de legalitat, honradesa, responsabilitat, protecci\u00f3 de la dignitat humana, protecci\u00f3 de menors, protecci\u00f3 de l&#8217;ordre p\u00fablic, la protecci\u00f3 de la vida privada, la protecci\u00f3 del consumidor i els drets de propietat intel\u00b7lectual i industrial.<\/li>\n<\/ul>\n<p>Aix\u00ed mateix, <b>CLIMASOL <\/b>es reserva la potestat de retirar del lloc web o de la xarxa social corporativa, sense previ av\u00eds, aquells continguts que es consideren inadequats.<\/p>\n<p>En tot cas, si Ud. remet informaci\u00f3 personal a trav\u00e9s de la xarxa social, CLIMASOL quedar\u00e0 exempt de responsabilitat en relaci\u00f3 amb les mesures de seguretat aplicables a la present plataforma; i l&#8217;Usuari, en cas de voler con\u00e8ixer-les, ha de consultar les corresponents condicions particulars de la xarxa en q\u00fcesti\u00f3.<\/p>\n<p><strong>REMARKETING I RETARGETTING<\/strong><\/p>\n<p>El rem\u00e0rqueting \u00e9s un sistema que permet crear anuncis adaptats o personalitzats per als usuaris que, pr\u00e8viament, van visitar una p\u00e0gina web i en aquest cas, nostra. Es tracta d&#8217;una soluci\u00f3 associada a Google AdWords amb l&#8217;objectiu d&#8217;aconseguir un millor retorn de la inversi\u00f3 (ROI). El Remarketing insereix una cookie a l&#8217;ordinador de l&#8217;usuari i als sites afiliats a Google Adsense amb anuncis gr\u00e0fics es mostri un baner del prestador.  <\/p>\n<p>El retargetting \u00e9s la t\u00e8cnica que s&#8217;utilitza per mostrar en altres webs, gr\u00e0cies a un sistema de tracking, anuncis gr\u00e0fics a un usuari que ha abandonat el nostre site sense completar un proc\u00e9s que vol\u00edem que acab\u00e9s (registre, compra, sol\u00b7licitud, etc.), aquests anuncis haurien d&#8217;estar orientats principalment a la conversi\u00f3 de l&#8217;objectiu del nostre web.<\/p>\n<p>La informaci\u00f3 que recopilem gr\u00e0cies a aquestes funcions \u00e9s recollida per les galetes de Facebook, \u201cX\u201d, Doubleclick, Google AdWords. Podeu con\u00e8ixer les dades que recopilen aquestes galetes en les seg\u00fcents pol\u00edtiques de privadesa de cada servei: <\/p>\n<p>\u2022 Facebook<\/p>\n<p>\u2022 \u201cX\u201d<\/p>\n<p>\u2022 Doubleclick<\/p>\n<p>\u2022 Google Ads<\/p>\n<p>Si no voleu que aquesta informaci\u00f3 sigui recopilada per aquestes galetes, inhabiliteu l&#8217;\u00fas de galetes de Google a trav\u00e9s de la configuraci\u00f3 d&#8217;anuncis de Google. Tamb\u00e9 podeu desactivar l&#8217;\u00fas de galetes d&#8217;un prove\u00efdor tercer a trav\u00e9s de la p\u00e0gina d&#8217;inhabilitaci\u00f3 de Network Advertising Initiative. <\/p>\n<p>Este tipo de servicio permite interactuar con redes sociales u otras plataformas externas. Las interacciones y la informaci\u00f3n obtenida por el prestador siempre estar\u00e1n sometidas a la configuraci\u00f3n de privacidad del usuario en cada red social. En caso de que se instale un servicio que permita interactuar con redes sociales es posible que, aunque los usuarios no utilicen el servicio, \u00e9ste recoja datos de tr\u00e1fico web relativos a las p\u00e1ginas en que est\u00e9n instalados.  <\/p>\n<p><strong>FACEBOOK ADS<\/strong><\/p>\n<p>El web del prestador utilitza Facebook Ads, que \u00e9s la plataforma de publicitat de Facebook. Aix\u00f2 permet crear campanyes i anuncis. En generar un anunci, es pot segmentar el p\u00fablic per:  <\/p>\n<p>\u2022 Lloc;<\/p>\n<p>\u2022 Dades demogr\u00e0fiques (edat, sexe, etc.);<\/p>\n<p>\u2022 Interessos (activitats, aficions, etc.);<\/p>\n<p>\u2022 El que compren a internet i per altres canals;<\/p>\n<p>\u2022 Etc.<\/p>\n<p>Des del moment en qu\u00e8 l&#8217;usuari deixa les seves dades al formulari habilitat per unir-se al butllet\u00ed de subscripcions, les dades obtingudes a trav\u00e9s de Facebook Ads estan subjectes a aquesta pol\u00edtica de privadesa. En cap cas no s&#8217;utilitzar\u00e0 la informaci\u00f3 procedent de Facebook amb una finalitat diferent. <\/p>\n<p><strong>\u201cX\u201d ADS<\/strong><\/p>\n<p>La web del prestador utiliza \u201cX\u201d Ads, que es la plataforma de publicidad de \u201cX\u201d. \u00c9sta permite crear campa\u00f1as y anuncios. Al generar un anuncio, se puede segmentar el p\u00fablico por:  <\/p>\n<p>\u2022 Lloc;<\/p>\n<p>\u2022 Dades demogr\u00e0fiques (edat, sexe, etc.);<\/p>\n<p>\u2022 Interessos (activitats, aficions, etc.);<\/p>\n<p>\u2022 El que compren a internet i per altres canals;<\/p>\n<p>\u2022 Etc.<\/p>\n<p>Des del moment en qu\u00e8 l&#8217;usuari deixa les seves dades al formulari habilitat per unir-se al butllet\u00ed de subscripcions, les dades obtingudes a trav\u00e9s de \u201cX\u201d Ads estan subjectes a aquesta pol\u00edtica de privadesa. En cap cas no s&#8217;utilitzar\u00e0 la informaci\u00f3 procedent de \u201cX\u201d amb una finalitat diferent. <\/p>\n<p><strong>GOOGLE ADS<\/strong><\/p>\n<p><strong>Ads <\/strong>\u00e9s una plataforma de Google destinada als ANUNCIANTS que es volen publicar a GOOGLE. El prestador utilitza Google Ads, que \u00e9s la plataforma de publicitat de Google. Aix\u00f2 us permet crear campanyes i anuncis per mostrar-los en altres p\u00e0gines web. En generar un anunci, es pot segmentar el p\u00fablic per:   <\/p>\n<p>\u2022 Lloc;<\/p>\n<p>\u2022 Dades demogr\u00e0fiques (edat, sexe, etc.);<\/p>\n<p>\u2022 Interessos (activitats, aficions, etc.);<\/p>\n<p>\u2022 El que compren a internet i per altres canals;<\/p>\n<p>\u2022 Etc.<\/p>\n<p>Des del moment en qu\u00e8 l&#8217;usuari deixa les seves dades al formulari habilitat per unir-se al butllet\u00ed de subscripcions, les dades obtingudes a trav\u00e9s de Google AdWords estan subjectes a aquesta pol\u00edtica de privadesa. En cap cas no s&#8217;utilitzar\u00e0 la informaci\u00f3 procedent de Google amb una finalitat diferent. <\/p>\n<p>El prestador podr\u00e0 seleccionar i publicar testimonis de clients als serveis. Aquests testimonis poden contenir informaci\u00f3 d&#8217;identificaci\u00f3 personal, com ara el nom i\/o ciutat, estat o pa\u00eds on viu. Si voleu que s&#8217;elimini o esborri el vostre nom o testimoni de la web, us heu de comunicar amb el prestador amb les dades de contacte supra ressenyades.  <\/p>\n<p><strong>PINTEREST ADS<\/strong><\/p>\n<p>Els <strong>Pinterest Ads<\/strong> s\u00f3n un sistema de publicitat en xarxes socials que permet fer servir Pinterest per llan\u00e7ar continguts promocionats amb els quals atraure l&#8217;atenci\u00f3 del nostre target. No obstant aix\u00f2, per les caracter\u00edstiques de la xarxa on s&#8217;ubica, la publicitat a Pinterest t\u00e9 moltes coses en com\u00fa amb la <strong>publicitat en cercadors<\/strong>, en lloc dels social ads tradicionals. <\/p>\n<p>Pinterest \u00e9s una xarxa social que es basa a recopilar idees al voltant de diferents interessos dels usuaris. Els usuaris usen la xarxa per guardar les idees que m\u00e9s els interessen, per\u00f2 tamb\u00e9 per cercar imatges que puguin ser del vostre inter\u00e8s a trav\u00e9s de paraules clau. I \u00e9s aqu\u00ed on Pinterest funciona com un motor de cerca, ja que com a marca ens interessa estar en els primers llocs de les cerques per incrementar la nostra visibilitat. Es pot controlar com utilitza Pinterest aquesta informaci\u00f3 per personalitzar l&#8217;experi\u00e8ncia d&#8217;usuari i els anuncis a la configuraci\u00f3 de privadesa i dades.  <\/p>\n<p><strong>GOOGLE SIGNALS<\/strong><\/p>\n<p>Google Signals \u00e9s una aplicaci\u00f3 de rem\u00e0rqueting desenvolupada per Google i que, en el seu funcionament, es vincula a Google Analytics de manera que s&#8217;anir\u00e0 associant la informaci\u00f3 de les visites que recull la p\u00e0gina web amb els usuaris que hi hagin iniciat la sessi\u00f3 i que hagin consentit de forma expressa aquesta funcionalitat a fi de personalitzar els anuncis.<\/p>\n<p>La personalitzaci\u00f3 dels anuncis proporcionada per Google Signals de Google consisteix en la possibilitat d&#8217;ubicar els usuaris finals, registrar l&#8217;historial de cerques i peticions dins de la p\u00e0gina web, a m\u00e9s de registrar si l&#8217;usuari ha accedit a la plataforma de YouTube.<\/p>\n<p>Aquesta aplicaci\u00f3 tamb\u00e9 ens ajuda a obtenir estad\u00edstiques agregades i anonimitzades sobre el comportament de l&#8217;usuari per mitj\u00e0 dels diferents dispositius a trav\u00e9s dels quals accedeixi als nostres llocs web i proporcionar publicitat adequada.<\/p>\n<p><strong>CANVIS A LA PRESENT POL\u00cdTICA DE PRIVACITAT<\/strong><\/p>\n<p><b>CLIMASOL <\/b>es reserva el dret a modificar aquesta pol\u00edtica per adaptar-la a novetats legislatives o jurisprudencials.<\/p>\n<p><strong>REVOCABILIDAD<\/strong><\/p>\n<p>El consentiment prestat, tant pel tractament com per a la cessi\u00f3 de les dades dels interessats, \u00e9s revocable en qualsevol moment comunicant-ho a <b>CLIMASOL <\/b>en els termes establerts en aquesta Pol\u00edtica per a l&#8217;exercici dels drets. Aquesta revocaci\u00f3 en cap cas no t\u00e9 car\u00e0cter retroactiu. <\/p>\n<p><strong>LEGISLACI\u00d3<\/strong><\/p>\n<p>Amb car\u00e0cter general les relacions entre <b>CLIMASOL <\/b>amb els Usuaris dels seus serveis telem\u00e0tics, presents en aquesta web, estan sotmesos a la legislaci\u00f3 i jurisdicci\u00f3 espanyola a qu\u00e8 se sotmeten expressament les parts, sent competents per a la resoluci\u00f3 de tots els conflictes derivats o relacionats amb el seu \u00fas els Jutjats i Tribunals de Barcelona.<\/p>\n","protected":false},"excerpt":{"rendered":"<p>INTRODUCCI\u00d3 La seva privadesa \u00e9s important per a nosaltres, aix\u00ed que, mitjan\u00e7ant aquest document, us expliquem quines dades recollim dels usuaris, com les utilitzem i per a qu\u00e8, entre altres indicacions. Per a la vostra informaci\u00f3, mai demanarem m\u00e9s informaci\u00f3 de la que realment necessitarem per als serveis requerits; mai no la compartirem amb tercers, [&hellip;]<\/p>\n","protected":false},"author":1,"featured_media":0,"parent":0,"menu_order":0,"comment_status":"closed","ping_status":"closed","template":"","meta":{"_acf_changed":false,"_et_pb_use_builder":"","_et_pb_old_content":"","_et_gb_content_width":"","footnotes":""},"class_list":["post-8812","page","type-page","status-publish","hentry"],"acf":[],"_links":{"self":[{"href":"https:\/\/climasol.info\/ca\/wp-json\/wp\/v2\/pages\/8812","targetHints":{"allow":["GET"]}}],"collection":[{"href":"https:\/\/climasol.info\/ca\/wp-json\/wp\/v2\/pages"}],"about":[{"href":"https:\/\/climasol.info\/ca\/wp-json\/wp\/v2\/types\/page"}],"author":[{"embeddable":true,"href":"https:\/\/climasol.info\/ca\/wp-json\/wp\/v2\/users\/1"}],"replies":[{"embeddable":true,"href":"https:\/\/climasol.info\/ca\/wp-json\/wp\/v2\/comments?post=8812"}],"version-history":[{"count":0,"href":"https:\/\/climasol.info\/ca\/wp-json\/wp\/v2\/pages\/8812\/revisions"}],"wp:attachment":[{"href":"https:\/\/climasol.info\/ca\/wp-json\/wp\/v2\/media?parent=8812"}],"curies":[{"name":"wp","href":"https:\/\/api.w.org\/{rel}","templated":true}]}}